{"id":69,"date":"2026-04-21T11:30:39","date_gmt":"2026-04-21T11:30:39","guid":{"rendered":"https:\/\/esirocostarica.com\/?page_id=69"},"modified":"2026-04-21T12:00:12","modified_gmt":"2026-04-21T12:00:12","slug":"profesores","status":"publish","type":"page","link":"https:\/\/esirocostarica.com\/?page_id=69","title":{"rendered":"Profesores"},"content":{"rendered":"\t\t<div data-elementor-type=\"wp-post\" data-elementor-id=\"69\" class=\"elementor elementor-69\">\n\t\t\t\t\t\t<section class=\"elementor-section elementor-top-section elementor-element elementor-element-1b3eba11 animated-slow elementor-section-boxed elementor-section-height-default elementor-section-height-default elementor-invisible\" data-id=\"1b3eba11\" data-element_type=\"section\" data-e-type=\"section\" data-settings=\"{&quot;background_background&quot;:&quot;classic&quot;,&quot;animation&quot;:&quot;fadeIn&quot;}\">\n\t\t\t\t\t\t<div class=\"elementor-container elementor-column-gap-default\">\n\t\t\t\t\t<div class=\"elementor-column elementor-col-100 elementor-top-column elementor-element elementor-element-680fb9df\" data-id=\"680fb9df\" data-element_type=\"column\" data-e-type=\"column\">\n\t\t\t<div class=\"elementor-widget-wrap elementor-element-populated\">\n\t\t\t\t\t\t<div class=\"elementor-element elementor-element-4028eef3 elementor-widget elementor-widget-spacer\" data-id=\"4028eef3\" data-element_type=\"widget\" data-e-type=\"widget\" data-widget_type=\"spacer.default\">\n\t\t\t\t\t\t\t<div class=\"elementor-spacer\">\n\t\t\t<div class=\"elementor-spacer-inner\"><\/div>\n\t\t<\/div>\n\t\t\t\t\t\t<\/div>\n\t\t\t\t<div class=\"elementor-element elementor-element-285e8ee3 elementor-widget elementor-widget-heading\" data-id=\"285e8ee3\" data-element_type=\"widget\" data-e-type=\"widget\" data-widget_type=\"heading.default\">\n\t\t\t\t\t<h1 class=\"elementor-heading-title elementor-size-default\">esiro costa rica<\/h1>\t\t\t\t<\/div>\n\t\t\t\t<div class=\"elementor-element elementor-element-6cf9a1d2 elementor-widget elementor-widget-heading\" data-id=\"6cf9a1d2\" data-element_type=\"widget\" data-e-type=\"widget\" data-widget_type=\"heading.default\">\n\t\t\t\t\t<h3 class=\"elementor-heading-title elementor-size-default\">los mejores profesores<\/h3>\t\t\t\t<\/div>\n\t\t\t\t<div class=\"elementor-element elementor-element-72d98ef1 elementor-widget elementor-widget-spacer\" data-id=\"72d98ef1\" data-element_type=\"widget\" data-e-type=\"widget\" data-widget_type=\"spacer.default\">\n\t\t\t\t\t\t\t<div class=\"elementor-spacer\">\n\t\t\t<div class=\"elementor-spacer-inner\"><\/div>\n\t\t<\/div>\n\t\t\t\t\t\t<\/div>\n\t\t\t\t\t<\/div>\n\t\t<\/div>\n\t\t\t\t\t<\/div>\n\t\t<\/section>\n\t\t\t\t<section class=\"elementor-section elementor-top-section elementor-element elementor-element-274ffe83 animated-slow elementor-section-boxed elementor-section-height-default elementor-section-height-default elementor-invisible\" data-id=\"274ffe83\" data-element_type=\"section\" data-e-type=\"section\" data-settings=\"{&quot;background_background&quot;:&quot;classic&quot;,&quot;animation&quot;:&quot;fadeIn&quot;}\">\n\t\t\t\t\t\t<div class=\"elementor-container elementor-column-gap-default\">\n\t\t\t\t\t<div class=\"elementor-column elementor-col-100 elementor-top-column elementor-element elementor-element-5e57cc6a\" data-id=\"5e57cc6a\" data-element_type=\"column\" data-e-type=\"column\">\n\t\t\t<div class=\"elementor-widget-wrap elementor-element-populated\">\n\t\t\t\t\t\t<div class=\"elementor-element elementor-element-3d9bee49 elementor-widget elementor-widget-heading\" data-id=\"3d9bee49\" data-element_type=\"widget\" data-e-type=\"widget\" data-widget_type=\"heading.default\">\n\t\t\t\t\t<h1 class=\"elementor-heading-title elementor-size-default\">la mejor oferta formativa del sector<\/h1>\t\t\t\t<\/div>\n\t\t\t\t<div class=\"elementor-element elementor-element-2c71f305 elementor-widget elementor-widget-text-editor\" data-id=\"2c71f305\" data-element_type=\"widget\" data-e-type=\"widget\" data-widget_type=\"text-editor.default\">\n\t\t\t\t\t\t\t\t\t<p>En Esiro, nos enorgullece contar con un equipo excepcional de profesores en el campo de la odontolog\u00eda. Nuestros instructores son profesionales altamente cualificados y apasionados, comprometidos en brindar una educaci\u00f3n de calidad a nuestros estudiantes. Cada uno de nuestros profesores posee una amplia experiencia cl\u00ednica y acad\u00e9mica en sus respectivas \u00e1reas de especializaci\u00f3n. Est\u00e1n comprometidos con el desarrollo profesional de nuestros estudiantes y se dedican a impartir conocimientos actualizados y relevantes.<\/p><p>Adem\u00e1s de su experiencia, nuestros profesores se destacan por su enfoque pr\u00e1ctico y orientado a la realidad. Fomentan la participaci\u00f3n activa de los estudiantes, promoviendo un ambiente de aprendizaje interactivo y colaborativo. Est\u00e1n comprometidos en brindar un apoyo individualizado, guiando y motivando a los estudiantes en su recorrido educativo.<\/p>\t\t\t\t\t\t\t\t<\/div>\n\t\t\t\t\t<\/div>\n\t\t<\/div>\n\t\t\t\t\t<\/div>\n\t\t<\/section>\n\t\t\t\t<section class=\"elementor-section elementor-top-section elementor-element elementor-element-1010b280 animated-slow elementor-section-boxed elementor-section-height-default elementor-section-height-default elementor-invisible\" data-id=\"1010b280\" data-element_type=\"section\" data-e-type=\"section\" data-settings=\"{&quot;background_background&quot;:&quot;classic&quot;,&quot;animation&quot;:&quot;fadeIn&quot;}\">\n\t\t\t\t\t\t<div class=\"elementor-container elementor-column-gap-default\">\n\t\t\t\t\t<div class=\"elementor-column elementor-col-50 elementor-top-column elementor-element elementor-element-291763d5\" data-id=\"291763d5\" data-element_type=\"column\" data-e-type=\"column\">\n\t\t\t<div class=\"elementor-widget-wrap elementor-element-populated\">\n\t\t\t\t\t\t<div class=\"elementor-element elementor-element-434d2ef elementor-widget elementor-widget-image\" data-id=\"434d2ef\" data-element_type=\"widget\" data-e-type=\"widget\" data-widget_type=\"image.default\">\n\t\t\t\t\t\t\t\t\t\t\t\t\t\t\t<img fetchpriority=\"high\" decoding=\"async\" width=\"500\" height=\"500\" src=\"https:\/\/esirocostarica.com\/wp-content\/uploads\/2026\/04\/SAJAD-AHMADI.png\" class=\"attachment-medium_large size-medium_large wp-image-191\" alt=\"\" srcset=\"https:\/\/esirocostarica.com\/wp-content\/uploads\/2026\/04\/SAJAD-AHMADI.png 500w, https:\/\/esirocostarica.com\/wp-content\/uploads\/2026\/04\/SAJAD-AHMADI-300x300.png 300w, https:\/\/esirocostarica.com\/wp-content\/uploads\/2026\/04\/SAJAD-AHMADI-150x150.png 150w\" sizes=\"(max-width: 500px) 100vw, 500px\" \/>\t\t\t\t\t\t\t\t\t\t\t\t\t\t\t<\/div>\n\t\t\t\t\t<\/div>\n\t\t<\/div>\n\t\t\t\t<div class=\"elementor-column elementor-col-50 elementor-top-column elementor-element elementor-element-67061756\" data-id=\"67061756\" data-element_type=\"column\" data-e-type=\"column\">\n\t\t\t<div class=\"elementor-widget-wrap elementor-element-populated\">\n\t\t\t\t\t\t<div class=\"elementor-element elementor-element-3968b616 elementor-widget elementor-widget-heading\" data-id=\"3968b616\" data-element_type=\"widget\" data-e-type=\"widget\" data-widget_type=\"heading.default\">\n\t\t\t\t\t<h2 class=\"elementor-heading-title elementor-size-default\">Dr. Roberto Mart\u00ednez<\/h2>\t\t\t\t<\/div>\n\t\t\t\t<div class=\"elementor-element elementor-element-df5219b elementor-widget-divider--view-line elementor-widget elementor-widget-divider\" data-id=\"df5219b\" data-element_type=\"widget\" data-e-type=\"widget\" data-widget_type=\"divider.default\">\n\t\t\t\t\t\t\t<div class=\"elementor-divider\">\n\t\t\t<span class=\"elementor-divider-separator\">\n\t\t\t\t\t\t<\/span>\n\t\t<\/div>\n\t\t\t\t\t\t<\/div>\n\t\t\t\t<div class=\"elementor-element elementor-element-272937fc elementor-widget elementor-widget-text-editor\" data-id=\"272937fc\" data-element_type=\"widget\" data-e-type=\"widget\" data-widget_type=\"text-editor.default\">\n\t\t\t\t\t\t\t\t\t<p style=\"text-align: left;\">El Dr. Roberto Mart\u00ednez es un destacado profesor y profesional en el campo de la Odontolog\u00eda, con una amplia trayectoria y experiencia en el \u00e1mbito acad\u00e9mico y cl\u00ednico. Posee una pasi\u00f3n innata por la odontolog\u00eda y est\u00e1 comprometido en transmitir sus conocimientos y habilidades a la pr\u00f3xima generaci\u00f3n de profesionales.<\/p><p style=\"text-align: left;\">El Dr. Mart\u00ednez obtuvo su t\u00edtulo de odont\u00f3logo en la Universidad Nacional de Odontolog\u00eda y continu\u00f3 su formaci\u00f3n especializ\u00e1ndose en Periodoncia en la prestigiosa Universidad de Investigaci\u00f3n Dental. Durante su formaci\u00f3n, se destac\u00f3 por su dedicaci\u00f3n y excelencia acad\u00e9mica, recibiendo reconocimientos por su desempe\u00f1o sobresaliente.<\/p><p style=\"text-align: left;\">Con m\u00e1s de 15 a\u00f1os de experiencia cl\u00ednica, el Dr. Mart\u00ednez ha trabajado en reconocidas cl\u00ednicas odontol\u00f3gicas, donde ha tratado a pacientes con una amplia gama de necesidades odontol\u00f3gicas. Su enfoque se centra en la Periodoncia y la implantolog\u00eda, \u00e1reas en las que ha realizado numerosos procedimientos exitosos y ha logrado mejorar la salud bucal de sus pacientes.<\/p>\t\t\t\t\t\t\t\t<\/div>\n\t\t\t\t\t<\/div>\n\t\t<\/div>\n\t\t\t\t\t<\/div>\n\t\t<\/section>\n\t\t\t\t<section class=\"elementor-section elementor-top-section elementor-element elementor-element-2324f049 animated-slow elementor-reverse-tablet elementor-reverse-mobile elementor-section-boxed elementor-section-height-default elementor-section-height-default elementor-invisible\" data-id=\"2324f049\" data-element_type=\"section\" data-e-type=\"section\" data-settings=\"{&quot;background_background&quot;:&quot;classic&quot;,&quot;animation&quot;:&quot;fadeIn&quot;}\">\n\t\t\t\t\t\t<div class=\"elementor-container elementor-column-gap-default\">\n\t\t\t\t\t<div class=\"elementor-column elementor-col-50 elementor-top-column elementor-element elementor-element-657ddecc\" data-id=\"657ddecc\" data-element_type=\"column\" data-e-type=\"column\">\n\t\t\t<div class=\"elementor-widget-wrap elementor-element-populated\">\n\t\t\t\t\t\t<div class=\"elementor-element elementor-element-73f70c53 elementor-widget elementor-widget-heading\" data-id=\"73f70c53\" data-element_type=\"widget\" data-e-type=\"widget\" data-widget_type=\"heading.default\">\n\t\t\t\t\t<h2 class=\"elementor-heading-title elementor-size-default\">Dr. Antonio Mart\u00ednez<\/h2>\t\t\t\t<\/div>\n\t\t\t\t<div class=\"elementor-element elementor-element-78105adc elementor-widget-divider--view-line elementor-widget elementor-widget-divider\" data-id=\"78105adc\" data-element_type=\"widget\" data-e-type=\"widget\" data-widget_type=\"divider.default\">\n\t\t\t\t\t\t\t<div class=\"elementor-divider\">\n\t\t\t<span class=\"elementor-divider-separator\">\n\t\t\t\t\t\t<\/span>\n\t\t<\/div>\n\t\t\t\t\t\t<\/div>\n\t\t\t\t<div class=\"elementor-element elementor-element-4c4f8ccf elementor-widget elementor-widget-text-editor\" data-id=\"4c4f8ccf\" data-element_type=\"widget\" data-e-type=\"widget\" data-widget_type=\"text-editor.default\">\n\t\t\t\t\t\t\t\t\t<p style=\"text-align: left;\">El Dr. Antonio Mart\u00ednez es un destacado profesor y profesional en el campo de la Odontolog\u00eda, con una amplia trayectoria y experiencia en el \u00e1mbito acad\u00e9mico y cl\u00ednico. Posee una pasi\u00f3n innata por la odontolog\u00eda y est\u00e1 comprometido en transmitir sus conocimientos y habilidades a la pr\u00f3xima generaci\u00f3n de profesionales.<\/p><p style=\"text-align: left;\">El Dr. Mart\u00ednez obtuvo su t\u00edtulo de odont\u00f3logo en la Universidad Nacional de Odontolog\u00eda y continu\u00f3 su formaci\u00f3n especializ\u00e1ndose en Periodoncia en la prestigiosa Universidad de Investigaci\u00f3n Dental. Durante su formaci\u00f3n, se destac\u00f3 por su dedicaci\u00f3n y excelencia acad\u00e9mica, recibiendo reconocimientos por su desempe\u00f1o sobresaliente.<\/p><p style=\"text-align: left;\">Con m\u00e1s de 15 a\u00f1os de experiencia cl\u00ednica, el Dr. Mart\u00ednez ha trabajado en reconocidas cl\u00ednicas odontol\u00f3gicas, donde ha tratado a pacientes con una amplia gama de necesidades odontol\u00f3gicas. Su enfoque se centra en la Periodoncia y la implantolog\u00eda, \u00e1reas en las que ha realizado numerosos procedimientos exitosos y ha logrado mejorar la salud bucal de sus pacientes.<\/p>\t\t\t\t\t\t\t\t<\/div>\n\t\t\t\t\t<\/div>\n\t\t<\/div>\n\t\t\t\t<div class=\"elementor-column elementor-col-50 elementor-top-column elementor-element elementor-element-46dea8cd\" data-id=\"46dea8cd\" data-element_type=\"column\" data-e-type=\"column\">\n\t\t\t<div class=\"elementor-widget-wrap elementor-element-populated\">\n\t\t\t\t\t\t<div class=\"elementor-element elementor-element-4f3fa7f8 elementor-widget elementor-widget-image\" data-id=\"4f3fa7f8\" data-element_type=\"widget\" data-e-type=\"widget\" data-widget_type=\"image.default\">\n\t\t\t\t\t\t\t\t\t\t\t\t\t\t\t<img decoding=\"async\" width=\"335\" height=\"425\" src=\"https:\/\/esirocostarica.com\/wp-content\/uploads\/2026\/04\/Samuel-Gonzalez-Mazon-1.jpg\" class=\"attachment-medium_large size-medium_large wp-image-192\" alt=\"\" srcset=\"https:\/\/esirocostarica.com\/wp-content\/uploads\/2026\/04\/Samuel-Gonzalez-Mazon-1.jpg 335w, https:\/\/esirocostarica.com\/wp-content\/uploads\/2026\/04\/Samuel-Gonzalez-Mazon-1-236x300.jpg 236w\" sizes=\"(max-width: 335px) 100vw, 335px\" \/>\t\t\t\t\t\t\t\t\t\t\t\t\t\t\t<\/div>\n\t\t\t\t\t<\/div>\n\t\t<\/div>\n\t\t\t\t\t<\/div>\n\t\t<\/section>\n\t\t\t\t<\/div>\n\t\t","protected":false},"excerpt":{"rendered":"<p>esiro costa rica los mejores profesores la mejor oferta formativa del sector En Esiro, nos enorgullece contar con un equipo excepcional de profesores en el campo de la odontolog\u00eda. Nuestros instructores son profesionales altamente cualificados y apasionados, comprometidos en brindar una educaci\u00f3n de calidad a nuestros estudiantes. Cada uno de nuestros profesores posee una amplia&hellip;&nbsp;<\/p>\n","protected":false},"author":1,"featured_media":0,"parent":0,"menu_order":0,"comment_status":"closed","ping_status":"closed","template":"page-templates\/template-pagebuilder-full-width.php","meta":{"neve_meta_sidebar":"","neve_meta_container":"","neve_meta_enable_content_width":"","neve_meta_content_width":0,"neve_meta_title_alignment":"","neve_meta_author_avatar":"","neve_post_elements_order":"","neve_meta_disable_header":"","neve_meta_disable_footer":"","neve_meta_disable_title":"","footnotes":""},"class_list":["post-69","page","type-page","status-publish","hentry"],"_links":{"self":[{"href":"https:\/\/esirocostarica.com\/index.php?rest_route=\/wp\/v2\/pages\/69","targetHints":{"allow":["GET"]}}],"collection":[{"href":"https:\/\/esirocostarica.com\/index.php?rest_route=\/wp\/v2\/pages"}],"about":[{"href":"https:\/\/esirocostarica.com\/index.php?rest_route=\/wp\/v2\/types\/page"}],"author":[{"embeddable":true,"href":"https:\/\/esirocostarica.com\/index.php?rest_route=\/wp\/v2\/users\/1"}],"replies":[{"embeddable":true,"href":"https:\/\/esirocostarica.com\/index.php?rest_route=%2Fwp%2Fv2%2Fcomments&post=69"}],"version-history":[{"count":4,"href":"https:\/\/esirocostarica.com\/index.php?rest_route=\/wp\/v2\/pages\/69\/revisions"}],"predecessor-version":[{"id":198,"href":"https:\/\/esirocostarica.com\/index.php?rest_route=\/wp\/v2\/pages\/69\/revisions\/198"}],"wp:attachment":[{"href":"https:\/\/esirocostarica.com\/index.php?rest_route=%2Fwp%2Fv2%2Fmedia&parent=69"}],"curies":[{"name":"wp","href":"https:\/\/api.w.org\/{rel}","templated":true}]}}