{"id":48,"date":"2026-04-21T11:20:09","date_gmt":"2026-04-21T11:20:09","guid":{"rendered":"https:\/\/esirocostarica.com\/?page_id=48"},"modified":"2026-04-21T11:41:42","modified_gmt":"2026-04-21T11:41:42","slug":"calendario","status":"publish","type":"page","link":"https:\/\/esirocostarica.com\/?page_id=48","title":{"rendered":"Calendario"},"content":{"rendered":"\t\t<div data-elementor-type=\"wp-post\" data-elementor-id=\"48\" class=\"elementor elementor-48\">\n\t\t\t\t\t\t<section class=\"elementor-section elementor-top-section elementor-element elementor-element-123f1845 animated-slow elementor-section-boxed elementor-section-height-default elementor-section-height-default elementor-invisible\" data-id=\"123f1845\" data-element_type=\"section\" data-e-type=\"section\" data-settings=\"{&quot;background_background&quot;:&quot;classic&quot;,&quot;animation&quot;:&quot;fadeIn&quot;}\">\n\t\t\t\t\t\t<div class=\"elementor-container elementor-column-gap-default\">\n\t\t\t\t\t<div class=\"elementor-column elementor-col-100 elementor-top-column elementor-element elementor-element-53870951\" data-id=\"53870951\" data-element_type=\"column\" data-e-type=\"column\">\n\t\t\t<div class=\"elementor-widget-wrap elementor-element-populated\">\n\t\t\t\t\t\t<div class=\"elementor-element elementor-element-6574cd77 elementor-widget elementor-widget-spacer\" data-id=\"6574cd77\" data-element_type=\"widget\" data-e-type=\"widget\" data-widget_type=\"spacer.default\">\n\t\t\t\t\t\t\t<div class=\"elementor-spacer\">\n\t\t\t<div class=\"elementor-spacer-inner\"><\/div>\n\t\t<\/div>\n\t\t\t\t\t\t<\/div>\n\t\t\t\t<div class=\"elementor-element elementor-element-769c643 elementor-widget elementor-widget-heading\" data-id=\"769c643\" data-element_type=\"widget\" data-e-type=\"widget\" data-widget_type=\"heading.default\">\n\t\t\t\t\t<h1 class=\"elementor-heading-title elementor-size-default\">esiro costa rica<\/h1>\t\t\t\t<\/div>\n\t\t\t\t<div class=\"elementor-element elementor-element-7507f146 elementor-widget elementor-widget-heading\" data-id=\"7507f146\" data-element_type=\"widget\" data-e-type=\"widget\" data-widget_type=\"heading.default\">\n\t\t\t\t\t<h3 class=\"elementor-heading-title elementor-size-default\">un calendario de formaci\u00f3n \u00fanico<\/h3>\t\t\t\t<\/div>\n\t\t\t\t<div class=\"elementor-element elementor-element-6b668326 elementor-widget elementor-widget-spacer\" data-id=\"6b668326\" data-element_type=\"widget\" data-e-type=\"widget\" data-widget_type=\"spacer.default\">\n\t\t\t\t\t\t\t<div class=\"elementor-spacer\">\n\t\t\t<div class=\"elementor-spacer-inner\"><\/div>\n\t\t<\/div>\n\t\t\t\t\t\t<\/div>\n\t\t\t\t\t<\/div>\n\t\t<\/div>\n\t\t\t\t\t<\/div>\n\t\t<\/section>\n\t\t\t\t<section class=\"elementor-section elementor-top-section elementor-element elementor-element-3d8a7586 animated-slow elementor-section-boxed elementor-section-height-default elementor-section-height-default elementor-invisible\" data-id=\"3d8a7586\" data-element_type=\"section\" data-e-type=\"section\" data-settings=\"{&quot;background_background&quot;:&quot;classic&quot;,&quot;animation&quot;:&quot;fadeIn&quot;}\">\n\t\t\t\t\t\t<div class=\"elementor-container elementor-column-gap-default\">\n\t\t\t\t\t<div class=\"elementor-column elementor-col-100 elementor-top-column elementor-element elementor-element-13b38ad3\" data-id=\"13b38ad3\" data-element_type=\"column\" data-e-type=\"column\">\n\t\t\t<div class=\"elementor-widget-wrap elementor-element-populated\">\n\t\t\t\t\t\t<div class=\"elementor-element elementor-element-5d77a801 elementor-widget elementor-widget-heading\" data-id=\"5d77a801\" data-element_type=\"widget\" data-e-type=\"widget\" data-widget_type=\"heading.default\">\n\t\t\t\t\t<h1 class=\"elementor-heading-title elementor-size-default\">prepara tu agenda... para la mejor formaci\u00f3n<\/h1>\t\t\t\t<\/div>\n\t\t\t\t<div class=\"elementor-element elementor-element-70122b54 elementor-widget elementor-widget-text-editor\" data-id=\"70122b54\" data-element_type=\"widget\" data-e-type=\"widget\" data-widget_type=\"text-editor.default\">\n\t\t\t\t\t\t\t\t\t<p>Nuestro calendario est\u00e1 cuidadosamente dise\u00f1ado para adaptarse a tus necesidades y disponibilidad. Con fechas flexibles y programas intensivos, podr\u00e1s aprovechar al m\u00e1ximo tu tiempo y obtener los conocimientos y habilidades necesarios para destacar en tu pr\u00e1ctica odontol\u00f3gica.<\/p>\t\t\t\t\t\t\t\t<\/div>\n\t\t\t\t\t<\/div>\n\t\t<\/div>\n\t\t\t\t\t<\/div>\n\t\t<\/section>\n\t\t\t\t<section class=\"elementor-section elementor-top-section elementor-element elementor-element-4bea893a elementor-section-boxed elementor-section-height-default elementor-section-height-default\" data-id=\"4bea893a\" data-element_type=\"section\" data-e-type=\"section\">\n\t\t\t\t\t\t<div class=\"elementor-container elementor-column-gap-default\">\n\t\t\t\t\t<div class=\"elementor-column elementor-col-100 elementor-top-column elementor-element elementor-element-5202721a\" data-id=\"5202721a\" data-element_type=\"column\" data-e-type=\"column\">\n\t\t\t<div class=\"elementor-widget-wrap elementor-element-populated\">\n\t\t\t\t\t\t<div class=\"elementor-element elementor-element-42750eba elementor-widget elementor-widget-spacer\" data-id=\"42750eba\" data-element_type=\"widget\" data-e-type=\"widget\" data-widget_type=\"spacer.default\">\n\t\t\t\t\t\t\t<div class=\"elementor-spacer\">\n\t\t\t<div class=\"elementor-spacer-inner\"><\/div>\n\t\t<\/div>\n\t\t\t\t\t\t<\/div>\n\t\t\t\t<div class=\"elementor-element elementor-element-6d5afe6d elementor-widget elementor-widget-eael-event-calendar\" data-id=\"6d5afe6d\" data-element_type=\"widget\" data-e-type=\"widget\" data-widget_type=\"eael-event-calendar.default\">\n\t\t\t\t\t<div class=\"eael-event-calendar-wrapper layout-calendar\"><div id=\"eael-event-calendar-6d5afe6d\" class=\"eael-event-calendar-cls\"\n            data-cal_id = \"6d5afe6d\"\n            data-locale = \"es\"\n            data-translate = \"{&quot;today&quot;:&quot;Hoy&quot;,&quot;tomorrow&quot;:&quot;Ma\\u00f1ana&quot;}\"\n            data-defaultview = \"dayGridMonth\"\n            data-defaultdate = \"2026-04-21\"\n            data-time_format = \"\"\n            data-event_limit = \"20\"\n            data-popup_date_format = \"MMM Do\"\n            data-multidays_event_day_count= \"0\"\n            data-monthColumnHeaderFormat = \"\"\n            data-weekColumnHeaderFormat = \"\"\n            data-hideDetailsLink= \"\"\n            data-detailsButtonText = \"\"\n            data-location-display = \"\"\n            data-events=\"[{&quot;id&quot;:0,&quot;title&quot;:&quot;prueba&quot;,&quot;description&quot;:&quot;&lt;div class=\\&quot;elementor-element elementor-element-35d2cb1 elementor-widget elementor-widget-heading\\&quot; data-id=\\&quot;35d2cb1\\&quot; data-element_type=\\&quot;widget\\&quot; data-widget_type=\\&quot;heading.default\\&quot;&gt;&lt;div class=\\&quot;elementor-widget-container\\&quot;&gt;&lt;p&gt;&lt;img class=\\&quot;size-medium wp-image-380 alignleft\\&quot; src=\\&quot;https:\\\/\\\/test.acca-learning.com\\\/wp-content\\\/uploads\\\/2023\\\/06\\\/experto_universitario_endodoncia_avanzada_0923-1-206x300.jpg\\&quot; alt=\\&quot;\\&quot; width=\\&quot;206\\&quot; height=\\&quot;300\\&quot; \\\/&gt;&lt;\\\/p&gt;&lt;p class=\\&quot;elementor-heading-title elementor-size-default\\&quot;&gt;&lt;strong&gt;Direcci\\u00f3n:&lt;\\\/strong&gt; Dr. Rafael Iba\\u00f1ez Barranco&lt;br \\\/&gt;&lt;strong&gt;Fecha de inicio&lt;\\\/strong&gt;: 8 de septiembre de 2023&lt;br \\\/&gt;&lt;strong&gt;N\\u00famero de plazas:&lt;\\\/strong&gt; 8 m\\u00e1ximo&lt;br \\\/&gt;&lt;strong&gt;Formaci\\u00f3n:&lt;\\\/strong&gt; Presencial \\u2013 Sevilla&lt;br \\\/&gt;&lt;strong&gt;Tipo de formaci\\u00f3n:&lt;\\\/strong&gt; Experto Universitario&lt;\\\/p&gt;&lt;\\\/div&gt;&lt;\\\/div&gt;&lt;div class=\\&quot;elementor-element elementor-element-3a5367b elementor-widget elementor-widget-text-editor\\&quot; data-id=\\&quot;3a5367b\\&quot; data-element_type=\\&quot;widget\\&quot; data-widget_type=\\&quot;text-editor.default\\&quot;&gt;&lt;div class=\\&quot;elementor-widget-container\\&quot;&gt;&lt;p&gt;&lt;a href=\\&quot;https:\\\/\\\/test.acca-learning.com\\\/experto-universitario-en-edondoncia-avanzada\\\/\\&quot; target=\\&quot;_blank\\&quot; rel=\\&quot;noopener\\&quot;&gt;&lt;strong&gt;M\\u00e1s informaci\\u00f3n de esta formaci\\u00f3n.&lt;\\\/strong&gt;&lt;\\\/a&gt;&lt;\\\/p&gt;&lt;\\\/div&gt;&lt;\\\/div&gt;&quot;,&quot;start&quot;:&quot;2026-05-01&quot;,&quot;end&quot;:&quot;2026-05-02&quot;,&quot;borderColor&quot;:&quot;#10ecab&quot;,&quot;textColor&quot;:&quot;#ffffff&quot;,&quot;color&quot;:&quot;#000000&quot;,&quot;url&quot;:&quot;&quot;,&quot;allDay&quot;:&quot;yes&quot;,&quot;external&quot;:&quot;&quot;,&quot;nofollow&quot;:&quot;&quot;,&quot;is_redirect&quot;:&quot;yes&quot;,&quot;custom_attributes&quot;:[],&quot;location&quot;:&quot;&quot;,&quot;category&quot;:&quot;&quot;,&quot;event_link&quot;:{&quot;url&quot;:&quot;&quot;,&quot;is_external&quot;:&quot;&quot;,&quot;nofollow&quot;:&quot;&quot;,&quot;custom_attributes&quot;:&quot;&quot;}}]\"\n            data-thumbnail_position = \"\"\n            data-first_day=\"0\"><\/div><div id=\"eaelecModal\" class=\"eaelec-modal eael-zoom-in\">\n            <div class=\"eaelec-modal-content\">\n                <div class=\"eaelec-modal-header\">\n                    <div class=\"eaelec-modal-close\"><span><i class=\"fas fa-times\"><\/i><\/span><\/div>\n                    <h2 class=\"eael-ec-modal-title\"><\/h2>\n                    <span class=\"eaelec-event-date-start eaelec-event-popup-date\"><\/span>\n                    <span class=\"eaelec-event-date-end eaelec-event-popup-date\"><\/span>\n                    <span class=\"eaelec-event-location eaelec-event-popup-location\" style=\"display: none;\"><\/span>\n                <\/div>\n                <div class=\"eaelec-modal-body\">\n                    <p><\/p>\n                <\/div>\n                <div class=\"eaelec-modal-footer\">\n                    <a class=\"eaelec-event-details-link\"><\/a>\n                <\/div>\n            <\/div>\n        <\/div><\/div>\t\t\t\t<\/div>\n\t\t\t\t<div class=\"elementor-element elementor-element-3f8900ee elementor-widget elementor-widget-spacer\" data-id=\"3f8900ee\" data-element_type=\"widget\" data-e-type=\"widget\" data-widget_type=\"spacer.default\">\n\t\t\t\t\t\t\t<div class=\"elementor-spacer\">\n\t\t\t<div class=\"elementor-spacer-inner\"><\/div>\n\t\t<\/div>\n\t\t\t\t\t\t<\/div>\n\t\t\t\t\t<\/div>\n\t\t<\/div>\n\t\t\t\t\t<\/div>\n\t\t<\/section>\n\t\t\t\t<\/div>\n\t\t","protected":false},"excerpt":{"rendered":"<p>esiro costa rica un calendario de formaci\u00f3n \u00fanico prepara tu agenda&#8230; para la mejor formaci\u00f3n Nuestro calendario est\u00e1 cuidadosamente dise\u00f1ado para adaptarse a tus necesidades y disponibilidad. Con fechas flexibles y programas intensivos, podr\u00e1s aprovechar al m\u00e1ximo tu tiempo y obtener los conocimientos y habilidades necesarios para destacar en tu pr\u00e1ctica odontol\u00f3gica.<\/p>\n","protected":false},"author":1,"featured_media":0,"parent":0,"menu_order":0,"comment_status":"closed","ping_status":"closed","template":"page-templates\/template-pagebuilder-full-width.php","meta":{"neve_meta_sidebar":"","neve_meta_container":"","neve_meta_enable_content_width":"","neve_meta_content_width":0,"neve_meta_title_alignment":"","neve_meta_author_avatar":"","neve_post_elements_order":"","neve_meta_disable_header":"","neve_meta_disable_footer":"","neve_meta_disable_title":"","footnotes":""},"class_list":["post-48","page","type-page","status-publish","hentry"],"_links":{"self":[{"href":"https:\/\/esirocostarica.com\/index.php?rest_route=\/wp\/v2\/pages\/48","targetHints":{"allow":["GET"]}}],"collection":[{"href":"https:\/\/esirocostarica.com\/index.php?rest_route=\/wp\/v2\/pages"}],"about":[{"href":"https:\/\/esirocostarica.com\/index.php?rest_route=\/wp\/v2\/types\/page"}],"author":[{"embeddable":true,"href":"https:\/\/esirocostarica.com\/index.php?rest_route=\/wp\/v2\/users\/1"}],"replies":[{"embeddable":true,"href":"https:\/\/esirocostarica.com\/index.php?rest_route=%2Fwp%2Fv2%2Fcomments&post=48"}],"version-history":[{"count":5,"href":"https:\/\/esirocostarica.com\/index.php?rest_route=\/wp\/v2\/pages\/48\/revisions"}],"predecessor-version":[{"id":101,"href":"https:\/\/esirocostarica.com\/index.php?rest_route=\/wp\/v2\/pages\/48\/revisions\/101"}],"wp:attachment":[{"href":"https:\/\/esirocostarica.com\/index.php?rest_route=%2Fwp%2Fv2%2Fmedia&parent=48"}],"curies":[{"name":"wp","href":"https:\/\/api.w.org\/{rel}","templated":true}]}}